{"id":3847,"date":"2023-03-20T15:20:21","date_gmt":"2023-03-20T14:20:21","guid":{"rendered":"https:\/\/wearemakingdisciples.com\/about\/"},"modified":"2025-11-26T22:06:07","modified_gmt":"2025-11-26T21:06:07","slug":"about","status":"publish","type":"page","link":"http:\/\/wearemakingdisciples.com\/de\/about\/","title":{"rendered":"About"},"content":{"rendered":"\t\t<div data-elementor-type=\"wp-page\" data-elementor-id=\"3847\" class=\"elementor elementor-3847 elementor-305\" data-elementor-post-type=\"page\">\n\t\t\t\t\t\t<section class=\"elementor-section elementor-top-section elementor-element elementor-element-75c7db0 elementor-section-boxed elementor-section-height-default elementor-section-height-default\" data-id=\"75c7db0\" data-element_type=\"section\" data-e-type=\"section\">\n\t\t\t\t\t\t<div class=\"elementor-container elementor-column-gap-default\">\n\t\t\t\t\t<div class=\"elementor-column elementor-col-100 elementor-top-column elementor-element elementor-element-2f4781f\" data-id=\"2f4781f\" data-element_type=\"column\" data-e-type=\"column\">\n\t\t\t<div class=\"elementor-widget-wrap elementor-element-populated\">\n\t\t\t\t\t\t<div class=\"elementor-element elementor-element-cb6e4fa elementor-widget elementor-widget-spacer\" data-id=\"cb6e4fa\" data-element_type=\"widget\" data-e-type=\"widget\" data-widget_type=\"spacer.default\">\n\t\t\t\t<div class=\"elementor-widget-container\">\n\t\t\t\t\t\t\t<div class=\"elementor-spacer\">\n\t\t\t<div class=\"elementor-spacer-inner\"><\/div>\n\t\t<\/div>\n\t\t\t\t\t\t<\/div>\n\t\t\t\t<\/div>\n\t\t\t\t<div class=\"elementor-element elementor-element-202aed3 header-span elementor-widget elementor-widget-heading\" data-id=\"202aed3\" data-element_type=\"widget\" data-e-type=\"widget\" data-widget_type=\"heading.default\">\n\t\t\t\t<div class=\"elementor-widget-container\">\n\t\t\t\t\t<h2 class=\"elementor-heading-title elementor-size-default\"><a id=\"header-span\">\u00dcber<\/a><\/h2>\t\t\t\t<\/div>\n\t\t\t\t<\/div>\n\t\t\t\t<div class=\"elementor-element elementor-element-bd0e10e elementor-widget elementor-widget-text-editor\" data-id=\"bd0e10e\" data-element_type=\"widget\" data-e-type=\"widget\" data-widget_type=\"text-editor.default\">\n\t\t\t\t<div class=\"elementor-widget-container\">\n\t\t\t\t\t\t\t\t\t<p>Making Disciples ist eine aufregende neue, doch reichhaltig alte Art, \u00fcber J\u00fcngerschaft und geistliche Formung f\u00fcr Einzelpersonen, Kleingruppen und Gemeinden zu sprechen. Pers\u00f6nliche J\u00fcngerschaft bedeutet, dem n\u00e4herzukommen, was Jesus f\u00fcr uns in jedem Bereich unseres Lebens w\u00fcnscht. Als Jesus gefragt wurde, was das gr\u00f6\u00dfte Gebot sei, antwortete er: \u201eDu sollst den Herrn, deinen Gott, lieben von ganzem Herzen, von ganzer Seele, von ganzer Kraft und von ganzem Gem\u00fct, und deinen N\u00e4chsten wie dich selbst.\u201c <a href=\"https:\/\/www.biblegateway.com\/passage\/?search=Luke%2010:27\" target=\"_blank\" rel=\"noopener\">[Lukas 10:27]<\/a>. J\u00fcngerschaft und geistliche Formung ist die Hingabe aller Dinge an die Liebe und den Willen Gottes.   <\/p><p>Wir haben dies in drei Bereiche unterteilt \u2013 Gott lieben mit unserem Verstand, unserem Herzen und unseren H\u00e4nden.<\/p><p>Making Disciples wurde als diagnostisches Werkzeug entwickelt, um uns zu helfen, unser gesamtes Leben durch diese drei Bereiche zu erforschen. Die Nutzung des Bewertungstools erm\u00f6glicht es Ihnen, Ihre pers\u00f6nliche <g id=\"gid_0\">J\u00fcngerschaftsform<\/g> zu erkunden. Um dies zu vertiefen, besorgen Sie sich ein Exemplar des Making Disciples Arbeitsbuchs und durchlaufen Sie einen Lehrprozess der Hingabe und des neuen Lebens.  <\/p>\t\t\t\t\t\t\t\t<\/div>\n\t\t\t\t<\/div>\n\t\t\t\t<div class=\"elementor-element elementor-element-827ad2c elementor-widget elementor-widget-spacer\" data-id=\"827ad2c\" data-element_type=\"widget\" data-e-type=\"widget\" data-widget_type=\"spacer.default\">\n\t\t\t\t<div class=\"elementor-widget-container\">\n\t\t\t\t\t\t\t<div class=\"elementor-spacer\">\n\t\t\t<div class=\"elementor-spacer-inner\"><\/div>\n\t\t<\/div>\n\t\t\t\t\t\t<\/div>\n\t\t\t\t<\/div>\n\t\t\t\t<div class=\"elementor-element elementor-element-ae0d31e header-span elementor-widget elementor-widget-heading\" data-id=\"ae0d31e\" data-element_type=\"widget\" data-e-type=\"widget\" data-widget_type=\"heading.default\">\n\t\t\t\t<div class=\"elementor-widget-container\">\n\t\t\t\t\t<h2 class=\"elementor-heading-title elementor-size-default\"><a id=\"header-span\">F\u00fcr Gemeindeleiter<\/a><\/h2>\t\t\t\t<\/div>\n\t\t\t\t<\/div>\n\t\t\t\t<div class=\"elementor-element elementor-element-1a18164 elementor-widget elementor-widget-text-editor\" data-id=\"1a18164\" data-element_type=\"widget\" data-e-type=\"widget\" data-widget_type=\"text-editor.default\">\n\t\t\t\t<div class=\"elementor-widget-container\">\n\t\t\t\t\t\t\t\t\t<p>Die J\u00fcngerschaftsform der Gemeinde, die wir besuchen und leiten, wird die Art von Nachfolger Jesu pr\u00e4gen, die wir entwickeln. Obwohl viele Gemeinden hervorragende Arbeit leisten, kann es sein, dass sie blinde Flecken in der J\u00fcngerschaft haben, die J\u00fcnger formen, die ebenfalls blinde Flecken aufweisen. Making Disciples ist ein diagnostisches Werkzeug, das der Gemeinde hilft, die ganzheitliche J\u00fcngerschaft von Einzelpersonen, Gruppen und ganzen Gemeinschaften zu betrachten.  <\/p><p>In Johannes 10,10 sagte Jesus, er sei gekommen, damit wir \u201edas Leben haben und es in F\u00fclle haben\u201c. Making Disciples gibt Einzelpersonen und Gemeinden Zeit, \u00fcber ihr gesamtes Leben nachzudenken und Bereiche der St\u00e4rke sowie Bereiche des Kampfes oder der Stagnation in ihrem Glaubensweg aufzuzeigen, damit wir J\u00fcnger sein k\u00f6nnen, die das Leben voll und ganz f\u00fcr Jesus leben. <\/p>\t\t\t\t\t\t\t\t<\/div>\n\t\t\t\t<\/div>\n\t\t\t\t<div class=\"elementor-element elementor-element-08fe813 elementor-widget elementor-widget-spacer\" data-id=\"08fe813\" data-element_type=\"widget\" data-e-type=\"widget\" data-widget_type=\"spacer.default\">\n\t\t\t\t<div class=\"elementor-widget-container\">\n\t\t\t\t\t\t\t<div class=\"elementor-spacer\">\n\t\t\t<div class=\"elementor-spacer-inner\"><\/div>\n\t\t<\/div>\n\t\t\t\t\t\t<\/div>\n\t\t\t\t<\/div>\n\t\t\t\t<div class=\"elementor-element elementor-element-2513a18 header-span elementor-widget elementor-widget-heading\" data-id=\"2513a18\" data-element_type=\"widget\" data-e-type=\"widget\" data-widget_type=\"heading.default\">\n\t\t\t\t<div class=\"elementor-widget-container\">\n\t\t\t\t\t<h2 class=\"elementor-heading-title elementor-size-default\"><a id=\"header-span\">J\u00fcngerschaftsformung<\/a><\/h2>\t\t\t\t<\/div>\n\t\t\t\t<\/div>\n\t\t\t\t<div class=\"elementor-element elementor-element-6d2f00f elementor-widget elementor-widget-text-editor\" data-id=\"6d2f00f\" data-element_type=\"widget\" data-e-type=\"widget\" data-widget_type=\"text-editor.default\">\n\t\t\t\t<div class=\"elementor-widget-container\">\n\t\t\t\t\t\t\t\t\t<p>Innerhalb der Gemeinde k\u00f6nnen wir \u00fcber J\u00fcngerschaft und den Bereich der geistlichen Formung sprechen. Verschiedene Gemeinden werden es vorziehen, \u00fcber geistliche Formung statt \u00fcber J\u00fcngerschaft zu sprechen, und andere werden mit dem Thema der geistlichen Formung als eigenst\u00e4ndige Disziplin abseits der J\u00fcngerschaft ringen. In Making Disciples f\u00f6rdern wir eine neue, doch traditionelle Sichtweise der Sprache, die Wachstum in allen Bereichen des Lebens eines Nachfolgers bewirkt. In \u201eJ\u00fcngerschaftsformung\u201c ist es das Ziel, sowohl das allgemeine Verst\u00e4ndnis von J\u00fcngerschaft als auch das allgemeine Verst\u00e4ndnis von geistlicher Formung zu einem umfassenderen Verst\u00e4ndnis zusammenzuf\u00fchren. Nur wenn diese beiden verschmelzen, erhalten wir ein biblisches Bild von Jesu Verst\u00e4ndnis von J\u00fcngerschaft und Formung.    <\/p><p>F\u00fcr die volle Entwicklung eines Jesus-J\u00fcngers geschieht viel mehr als nur ein einfaches geistliches Leben. J\u00fcngerschaftsformung ist das Zusammenkommen der \u00e4u\u00dferen Aktivit\u00e4t des Lebens Jesu, das in einer Person wirkt, und der Disziplinen des inneren Lebens, die darauf abzielen, einen heiligen formenden Rhythmus zu schaffen. <\/p>\t\t\t\t\t\t\t\t<\/div>\n\t\t\t\t<\/div>\n\t\t\t\t\t<\/div>\n\t\t<\/div>\n\t\t\t\t\t<\/div>\n\t\t<\/section>\n\t\t\t\t<section class=\"elementor-section elementor-top-section elementor-element elementor-element-276e5c6 elementor-section-boxed elementor-section-height-default elementor-section-height-default\" data-id=\"276e5c6\" data-element_type=\"section\" data-e-type=\"section\">\n\t\t\t\t\t\t<div class=\"elementor-container elementor-column-gap-default\">\n\t\t\t\t\t<div class=\"elementor-column elementor-col-100 elementor-top-column elementor-element elementor-element-0f50fe3\" data-id=\"0f50fe3\" data-element_type=\"column\" data-e-type=\"column\">\n\t\t\t<div class=\"elementor-widget-wrap elementor-element-populated\">\n\t\t\t\t\t\t<div class=\"elementor-element elementor-element-f8ad73d elementor-widget elementor-widget-image\" data-id=\"f8ad73d\" data-element_type=\"widget\" data-e-type=\"widget\" data-widget_type=\"image.default\">\n\t\t\t\t<div class=\"elementor-widget-container\">\n\t\t\t\t\t\t\t\t\t\t\t\t\t\t\t<img fetchpriority=\"high\" decoding=\"async\" width=\"1707\" height=\"1067\" src=\"https:\/\/wearemakingdisciples.com\/wp-content\/uploads\/2023\/04\/About_graphic_5.jpg\" class=\"attachment-full size-full wp-image-3846\" alt=\"\" srcset=\"https:\/\/wearemakingdisciples.com\/wp-content\/uploads\/2023\/04\/About_graphic_5.jpg 1707w, https:\/\/wearemakingdisciples.com\/wp-content\/uploads\/2023\/04\/About_graphic_5-300x188.jpg 300w, https:\/\/wearemakingdisciples.com\/wp-content\/uploads\/2023\/04\/About_graphic_5-1024x640.jpg 1024w, https:\/\/wearemakingdisciples.com\/wp-content\/uploads\/2023\/04\/About_graphic_5-768x480.jpg 768w, https:\/\/wearemakingdisciples.com\/wp-content\/uploads\/2023\/04\/About_graphic_5-1536x960.jpg 1536w\" sizes=\"(max-width: 1707px) 100vw, 1707px\" \/>\t\t\t\t\t\t\t\t\t\t\t\t\t\t\t<\/div>\n\t\t\t\t<\/div>\n\t\t\t\t<div class=\"elementor-element elementor-element-0fa051e elementor-widget elementor-widget-text-editor\" data-id=\"0fa051e\" data-element_type=\"widget\" data-e-type=\"widget\" data-widget_type=\"text-editor.default\">\n\t\t\t\t<div class=\"elementor-widget-container\">\n\t\t\t\t\t\t\t\t\t<p>Geistliche Disziplinen sind die Dinge, die wir sowohl als Einzelpersonen als auch innerhalb einer Gemeinschaft tun. Sie schaffen und st\u00e4rken die Rhythmen, die unser inneres Leben formen, sodass es Jesus \u00e4hnlicher wird. <\/p><p>Geistliche Aktivit\u00e4t ist die Umsetzung der Aktivit\u00e4ten des Reiches Gottes, die das Reich Gottes auf Erden entweder anregen oder schaffen.<\/p><p>J\u00fcngerschaftsformung ist das Zusammenkommen unserer inneren Pr\u00e4gung und unserer \u00e4u\u00dferen Aktivit\u00e4t, wodurch wir in die \u00c4hnlichkeit Jesu geformt werden. Es ist das Folgen und Nachahmen der Wege Jesu und die Unterwerfung unseres Verstandes, unserer H\u00e4nde und Herzen unter den Willen und die Aktivit\u00e4t Gottes. Unsere J\u00fcngerschaftsformung kann nicht isoliert von anderen Gl\u00e4ubigen erfolgen; sie muss innerhalb einer Gemeinschaft verwirklicht werden, indem wir uns gegenseitig auf unserem Weg unterst\u00fctzen und ermutigen. Sie ben\u00f6tigt auch die Kraft des Heiligen Geistes, die Offenbarung, Transformation und Neusch\u00f6pfung bewirkt.   <\/p>\t\t\t\t\t\t\t\t<\/div>\n\t\t\t\t<\/div>\n\t\t\t\t<div class=\"elementor-element elementor-element-07ead25 header-span elementor-widget elementor-widget-heading\" data-id=\"07ead25\" data-element_type=\"widget\" data-e-type=\"widget\" data-widget_type=\"heading.default\">\n\t\t\t\t<div class=\"elementor-widget-container\">\n\t\t\t\t\t<h2 class=\"elementor-heading-title elementor-size-default\"><a id=\"header-span\">Weitere Informationen<\/a><\/h2>\t\t\t\t<\/div>\n\t\t\t\t<\/div>\n\t\t\t\t<div class=\"elementor-element elementor-element-4f08e7f elementor-widget elementor-widget-text-editor\" data-id=\"4f08e7f\" data-element_type=\"widget\" data-e-type=\"widget\" data-widget_type=\"text-editor.default\">\n\t\t\t\t<div class=\"elementor-widget-container\">\n\t\t\t\t\t\t\t\t\t<p>Wenn Sie einen Making Disciples Trainingsvormittag\/-tag veranstalten oder einen Redner f\u00fcr Ihr Gemeindewochenende einladen m\u00f6chten, k\u00f6nnen wir Ihnen helfen. Wir haben Redner zur Verf\u00fcgung, die Ihr Team im Umgang mit Making Disciples schulen, ganzen Gemeinden J\u00fcngerschaft und geistliche Formung lehren sowie mit Gemeindeleitern in kleineren Rahmen sprechen k\u00f6nnen. Wir k\u00f6nnen auch eine Gemeindediagnose und einen Rahmen f\u00fcr die \u201eJ\u00fcngerschafts-Aktionsplanung\u201c anbieten, um Gemeinden dabei zu unterst\u00fctzen, in eine bewusste J\u00fcngerschaft zu gelangen.   <br><br>F\u00fcr weitere Informationen kontaktieren Sie bitte das Making Disciples Team unter <b><a href=\"mailto:questions@wearemakingdisciples.com\">questions@wearemakingdisciples.com<\/a><\/b><\/p><p> <\/p>\t\t\t\t\t\t\t\t<\/div>\n\t\t\t\t<\/div>\n\t\t\t\t<div class=\"elementor-element elementor-element-08ae2e3 header-span elementor-widget elementor-widget-heading\" data-id=\"08ae2e3\" data-element_type=\"widget\" data-e-type=\"widget\" data-widget_type=\"heading.default\">\n\t\t\t\t<div class=\"elementor-widget-container\">\n\t\t\t\t\t<h2 class=\"elementor-heading-title elementor-size-default\"><a id=\"header-span\">WAS ANDERE SAGEN<\/a><\/h2>\t\t\t\t<\/div>\n\t\t\t\t<\/div>\n\t\t\t\t<div class=\"elementor-element elementor-element-2b0da82 elementor-widget elementor-widget-text-editor\" data-id=\"2b0da82\" data-element_type=\"widget\" data-e-type=\"widget\" data-widget_type=\"text-editor.default\">\n\t\t\t\t<div class=\"elementor-widget-container\">\n\t\t\t\t\t\t\t\t\t<p>Die Ressource Making Disciples war ein Wendepunkt f\u00fcr die Frinton Free Church. Cris\u2019 Besuch, um direkt mit unseren Mitarbeitern und Leitern zusammenzuarbeiten, brachte Klarheit, Energie und eine erneute Leidenschaft f\u00fcr die J\u00fcngerschaft. Die von ihm geteilten Werkzeuge waren vom Geist erf\u00fcllt, praktisch und gaben uns sofort klare Schritte zur Umsetzung. Seit diesem Besuch haben wir eine gr\u00f6\u00dfere Intentionalit\u00e4t und ein wachsendes Vertrauen darin festgestellt, J\u00fcnger zu machen, die J\u00fcnger machen. Cris\u2019 Beitrag und die Ressource Making Disciples haben einen nachhaltigen Einfluss auf unsere Kirchengemeinde hinterlassen.    <u><\/u><u><\/u><\/p>\n<p><b>PFARRER MARK MASSY [HAUPTPASTOR FRINTON FREE CHURCH]<\/b><\/p><p><b><br><\/b><\/p>\n<p><\/p>\n<p>Wir haben Making Disciples in unserer Predigtreihe w\u00e4hrend der Fastenzeit genutzt und sind dabei aufgebl\u00fcht. Making Disciples hat uns eine Reihe n\u00fctzlicher Werkzeuge an die Hand gegeben, um zu beurteilen, wo wir als Gemeinschaft und als Einzelpersonen stehen. Unter ihnen war das Bewertungstool das aufschlussreichste und hat uns die Informationen geliefert, die wir ben\u00f6tigten, um den Kurs an unsere individuellen Bed\u00fcrfnisse anzupassen. Dies ist ein leistungsstarkes Diagnoseinstrument, und mit der Interpretation, die das Kursmaterial bietet, und der Unterst\u00fctzung, die die Website bietet, hat eine Gemeinde ein wirksames Mittel in der Hand, um zu beurteilen, wo ihre Kultur, ihre F\u00fchrung und ihre Menschen stehen (sie k\u00f6nnen sich an sehr unterschiedlichen Orten befinden oder in unterschiedliche Formen gebogen sein). Making Disciples selbst hat viel zum Nachdenken und Beten w\u00e4hrend der Fastenzeit angeregt. F\u00fcr meine Gemeinde bestand der Nutzen darin, die Gewohnheit zu entwickeln, den Heiligen Geist anzurufen, wenn wir gemeinsam die Schrift lesen. Vom Geist erleuchtet haben wir viel \u00fcber uns selbst gelernt, ohne uns mit Schuldgef\u00fchlen zu qu\u00e4len.\u201c      <\/p>\n<p><b>PFARRER TOM PYKE [PFARRER DER ISLE OF DOGS] <\/b><\/p>\n<p><i>&nbsp;<\/i><\/p>\n<p>J\u00fcngerschaft und die Formung von Menschen in die \u00c4hnlichkeit und Wirksamkeit Christi ist das allentscheidende Thema unserer Zeit. Making Disciples ist ein \u00e4u\u00dferst n\u00fctzliches Werkzeug f\u00fcr diesen Zweck, sowohl f\u00fcr Einzelpersonen als auch f\u00fcr Gemeinden. <\/p>\n<p><b>ARCHIE COATES [PFARRER VON HTB]<\/b><\/p><p><b><br><\/b><\/p>\n<p><\/p>\n<p>Gott zu lieben ist die gr\u00f6\u00dfte Berufung \u2013 und Herausforderung \u2013 unseres Lebens. Das Gro\u00dfartige an Making Disciples ist, dass es Jesu Lehre \u00fcber diese Liebe, die Herz, Verstand, Seele und Kraft umfasst, ernst nimmt. Ich empfehle Ihnen diese Ressource w\u00e4rmstens!  <\/p>\n<p><b>PAUL HARCOURT [NATIONALER LEITER, NEW WINE ENGLAND]<\/b><\/p>\n<p><i>&nbsp;<\/i><\/p>\n<p><i>\u201eWir reden so viel \u00fcber J\u00fcngerschaft, Cris Rogers hat Reden in Taten umgesetzt und ein wirklich n\u00fctzliches Werkzeug geschaffen, um Gemeinden zu helfen, als J\u00fcnger Jesu zu wachsen. Dieses einfach zu bedienende, kreative Werkzeug ist in einfachem Englisch gehalten, um vielen den Zugang zu erm\u00f6glichen und wird echten lokalen Gemeinden helfen, ihr Leben und ihren Glauben an Jesus Christus zu entwickeln.\u201c<\/i><\/p>\n<p><b>DR. RACHEL JORDAN-WOLF<br>[NATIONALE BERATERIN F\u00dcR MISSION UND EVANGELISATION DER CHURCH OF ENGLAND]<\/b><\/p>\n<p><br><\/p>\n<p><i>\u201eEin unglaubliches Werkzeug, das Ihnen hilft, Ihre eigene J\u00fcngerschaftsreise besser zu verstehen, um dann ein noch st\u00e4rkerer J\u00fcnger zu werden. Ich kann es als einfache und effektive Methode, um in Ihrer Beziehung zu Jesus zu wachsen, nicht genug empfehlen.\u201c<\/i><\/p>\n<p><b>GAVIN CALVER [EVANGELISCHE ALLIANZ]<\/b><\/p>\n<p><i>&nbsp;<\/i><\/p>\n<p><i>\u201eJesus lehrte seine J\u00fcnger auf zutiefst praktische und beziehungsorientierte Weise. Dieses Werkzeug kann Gemeinden aller Traditionen helfen, dies in unserer eigenen Zeit zu tun.\u201c<\/i><\/p>\n<p><b>PFARRER ANGUS RITCHIE<br>[DIREKTOR DES ZENTRUMS F\u00dcR THEOLOGIE &amp; GEMEINSCHAFT UND VERANTWORTLICHER PRIESTER VON ST. GEORGE-IN-THE-EAST]<\/b><\/p>\n<p><i>&nbsp;<\/i><\/p>\n<p><i>\u201eGelegentlich entdecken Sie eine Ressource, die das Potenzial hat, Ihren Weg mit Jesus radikal zu verj\u00fcngen. Making Disciples ist ein dringend ben\u00f6tigtes und brillant ausgearbeitetes Werkzeug, das einen <\/i><i>lang anhaltenden<\/i><i> Unterschied darin machen wird, wie Sie eine Kultur der J\u00fcngerschaft in Ihrem eigenen Leben und bei den Menschen um Sie herum entstehen sehen. Ich empfehle, so viele Exemplare zu kaufen, wie Sie sich leisten k\u00f6nnen, und sich selbst und andere auf ein neues Abenteuer des geistlichen Wachstums vorzubereiten.\u201c<\/i><\/p>\n<p><b>CATHY MADAVAN &#8211; [Autorin, Rednerin und Gemeindeleiterin]<\/b><\/p>\t\t\t\t\t\t\t\t<\/div>\n\t\t\t\t<\/div>\n\t\t\t\t<div class=\"elementor-element elementor-element-1448d96 elementor-widget elementor-widget-spacer\" data-id=\"1448d96\" data-element_type=\"widget\" data-e-type=\"widget\" data-widget_type=\"spacer.default\">\n\t\t\t\t<div class=\"elementor-widget-container\">\n\t\t\t\t\t\t\t<div class=\"elementor-spacer\">\n\t\t\t<div class=\"elementor-spacer-inner\"><\/div>\n\t\t<\/div>\n\t\t\t\t\t\t<\/div>\n\t\t\t\t<\/div>\n\t\t\t\t\t<\/div>\n\t\t<\/div>\n\t\t\t\t\t<\/div>\n\t\t<\/section>\n\t\t\t\t<\/div>\n\t\t","protected":false},"excerpt":{"rendered":"<p>\u00dcber Making Disciples ist eine aufregende neue, doch reichhaltig alte Art, \u00fcber J\u00fcngerschaft und geistliche Formung f\u00fcr Einzelpersonen, Kleingruppen und Gemeinden zu sprechen. Pers\u00f6nliche J\u00fcngerschaft bedeutet, dem n\u00e4herzukommen, was Jesus f\u00fcr uns in jedem Bereich unseres Lebens w\u00fcnscht. Als Jesus gefragt wurde, was das gr\u00f6\u00dfte Gebot sei, antwortete er: \u201eDu sollst den Herrn, deinen Gott, [&hellip;]<\/p>\n","protected":false},"author":1,"featured_media":0,"parent":0,"menu_order":0,"comment_status":"closed","ping_status":"closed","template":"elementor_header_footer","meta":{"_acf_changed":false,"footnotes":""},"class_list":["post-3847","page","type-page","status-publish","hentry"],"acf":[],"_links":{"self":[{"href":"http:\/\/wearemakingdisciples.com\/de\/wp-json\/wp\/v2\/pages\/3847","targetHints":{"allow":["GET"]}}],"collection":[{"href":"http:\/\/wearemakingdisciples.com\/de\/wp-json\/wp\/v2\/pages"}],"about":[{"href":"http:\/\/wearemakingdisciples.com\/de\/wp-json\/wp\/v2\/types\/page"}],"author":[{"embeddable":true,"href":"http:\/\/wearemakingdisciples.com\/de\/wp-json\/wp\/v2\/users\/1"}],"replies":[{"embeddable":true,"href":"http:\/\/wearemakingdisciples.com\/de\/wp-json\/wp\/v2\/comments?post=3847"}],"version-history":[{"count":1,"href":"http:\/\/wearemakingdisciples.com\/de\/wp-json\/wp\/v2\/pages\/3847\/revisions"}],"predecessor-version":[{"id":3848,"href":"http:\/\/wearemakingdisciples.com\/de\/wp-json\/wp\/v2\/pages\/3847\/revisions\/3848"}],"wp:attachment":[{"href":"http:\/\/wearemakingdisciples.com\/de\/wp-json\/wp\/v2\/media?parent=3847"}],"curies":[{"name":"wp","href":"https:\/\/api.w.org\/{rel}","templated":true}]}}