{"id":3857,"date":"2023-03-20T15:20:35","date_gmt":"2023-03-20T14:20:35","guid":{"rendered":"https:\/\/wearemakingdisciples.com\/wie-es-funktioniert\/"},"modified":"2025-11-28T16:21:05","modified_gmt":"2025-11-28T15:21:05","slug":"wie-es-funktioniert","status":"publish","type":"page","link":"http:\/\/wearemakingdisciples.com\/de\/wie-es-funktioniert\/","title":{"rendered":"Wie es funktioniert"},"content":{"rendered":"\t\t<div data-elementor-type=\"wp-page\" data-elementor-id=\"3857\" class=\"elementor elementor-3857 elementor-307\" data-elementor-post-type=\"page\">\n\t\t\t\t\t\t<section class=\"elementor-section elementor-top-section elementor-element elementor-element-2f8a705 elementor-section-boxed elementor-section-height-default elementor-section-height-default\" data-id=\"2f8a705\" data-element_type=\"section\" data-e-type=\"section\" data-settings=\"{&quot;background_background&quot;:&quot;classic&quot;}\">\n\t\t\t\t\t\t<div class=\"elementor-container elementor-column-gap-default\">\n\t\t\t\t\t<div class=\"elementor-column elementor-col-100 elementor-top-column elementor-element elementor-element-795eb1c\" data-id=\"795eb1c\" data-element_type=\"column\" data-e-type=\"column\">\n\t\t\t<div class=\"elementor-widget-wrap elementor-element-populated\">\n\t\t\t\t\t\t<div class=\"elementor-element elementor-element-211fe54 elementor-widget elementor-widget-spacer\" data-id=\"211fe54\" data-element_type=\"widget\" data-e-type=\"widget\" data-widget_type=\"spacer.default\">\n\t\t\t\t<div class=\"elementor-widget-container\">\n\t\t\t\t\t\t\t<div class=\"elementor-spacer\">\n\t\t\t<div class=\"elementor-spacer-inner\"><\/div>\n\t\t<\/div>\n\t\t\t\t\t\t<\/div>\n\t\t\t\t<\/div>\n\t\t\t\t<div class=\"elementor-element elementor-element-af588f9 elementor-widget elementor-widget-heading\" data-id=\"af588f9\" data-element_type=\"widget\" data-e-type=\"widget\" data-widget_type=\"heading.default\">\n\t\t\t\t<div class=\"elementor-widget-container\">\n\t\t\t\t\t<h4 class=\"elementor-heading-title elementor-size-default\">Wie es funktioniert<\/h4>\t\t\t\t<\/div>\n\t\t\t\t<\/div>\n\t\t\t\t<div class=\"elementor-element elementor-element-42c5509 elementor-widget elementor-widget-text-editor\" data-id=\"42c5509\" data-element_type=\"widget\" data-e-type=\"widget\" data-widget_type=\"text-editor.default\">\n\t\t\t\t<div class=\"elementor-widget-container\">\n\t\t\t\t\t\t\t\t\t<p>Das J\u00fcngerschafts-Tool gibt uns die Zeit und bietet die M\u00f6glichkeit,\u00fcber unsere eigene J\u00fcngerschaft nachzudenken. Wir tun dies, indem wir Fragen stellen, die uns helfen zu erkennen, worauf wir unsere Aufmerksamkeit richten und wo wir mehr investieren sollten. Dieses Tool soll uns nicht verurteilen oder das Gef\u00fchl vermitteln, dass wir alles falsch machen. Vielmehr m\u00f6chten wir das entdecken, was Gott f\u00fcr uns geplant hat. Er hat mehr f\u00fcr uns vorbereitet als das, was wir im Moment haben! Wir \u00f6ffnen uns f\u00fcr das, was ER in unserer J\u00fcngerschaft und durch unser Leben noch tun m\u00f6chte.    <\/p>\t\t\t\t\t\t\t\t<\/div>\n\t\t\t\t<\/div>\n\t\t\t\t\t<\/div>\n\t\t<\/div>\n\t\t\t\t\t<\/div>\n\t\t<\/section>\n\t\t\t\t<section class=\"elementor-section elementor-top-section elementor-element elementor-element-8eb9c85 elementor-section-content-space-between elementor-section-boxed elementor-section-height-default elementor-section-height-default\" data-id=\"8eb9c85\" data-element_type=\"section\" data-e-type=\"section\" data-settings=\"{&quot;background_background&quot;:&quot;classic&quot;}\">\n\t\t\t\t\t\t<div class=\"elementor-container elementor-column-gap-default\">\n\t\t\t\t\t<div class=\"elementor-column elementor-col-50 elementor-top-column elementor-element elementor-element-ea9c091\" data-id=\"ea9c091\" data-element_type=\"column\" data-e-type=\"column\">\n\t\t\t<div class=\"elementor-widget-wrap elementor-element-populated\">\n\t\t\t\t\t\t<div class=\"elementor-element elementor-element-38346db elementor-widget elementor-widget-heading\" data-id=\"38346db\" data-element_type=\"widget\" data-e-type=\"widget\" data-widget_type=\"heading.default\">\n\t\t\t\t<div class=\"elementor-widget-container\">\n\t\t\t\t\t<h2 class=\"elementor-heading-title elementor-size-default\">Kleingruppen<\/h2>\t\t\t\t<\/div>\n\t\t\t\t<\/div>\n\t\t\t\t<div class=\"elementor-element elementor-element-d248055 elementor-widget elementor-widget-text-editor\" data-id=\"d248055\" data-element_type=\"widget\" data-e-type=\"widget\" data-widget_type=\"text-editor.default\">\n\t\t\t\t<div class=\"elementor-widget-container\">\n\t\t\t\t\t\t\t\t\t<p>Nutzt das &#8222;J\u00fcnger Machen&#8220; Workbook. Dieses tiefgr\u00fcndige siebenw\u00f6chige Training zeigt euch eure St\u00e4rken und Gaben und unterst\u00fctzt euch somit, als J\u00fcnger Jesu zu wachsen. <\/p>\t\t\t\t\t\t\t\t<\/div>\n\t\t\t\t<\/div>\n\t\t\t\t<div class=\"elementor-element elementor-element-b7e9501 elementor-align-center elementor-widget elementor-widget-button\" data-id=\"b7e9501\" data-element_type=\"widget\" data-e-type=\"widget\" data-widget_type=\"button.default\">\n\t\t\t\t<div class=\"elementor-widget-container\">\n\t\t\t\t\t\t\t\t\t<div class=\"elementor-button-wrapper\">\n\t\t\t\t\t<a class=\"elementor-button elementor-button-link elementor-size-sm\" href=\"https:\/\/wearemakingdisciples.com\/resources\/\" id=\"button\">\n\t\t\t\t\t\t<span class=\"elementor-button-content-wrapper\">\n\t\t\t\t\t\t\t\t\t<span class=\"elementor-button-text\">RESSOURCEN<\/span>\n\t\t\t\t\t<\/span>\n\t\t\t\t\t<\/a>\n\t\t\t\t<\/div>\n\t\t\t\t\t\t\t\t<\/div>\n\t\t\t\t<\/div>\n\t\t\t\t\t<\/div>\n\t\t<\/div>\n\t\t\t\t<div class=\"elementor-column elementor-col-50 elementor-top-column elementor-element elementor-element-1395eb8\" data-id=\"1395eb8\" data-element_type=\"column\" data-e-type=\"column\">\n\t\t\t<div class=\"elementor-widget-wrap elementor-element-populated\">\n\t\t\t\t\t\t<div class=\"elementor-element elementor-element-67f1787 elementor-widget elementor-widget-heading\" data-id=\"67f1787\" data-element_type=\"widget\" data-e-type=\"widget\" data-widget_type=\"heading.default\">\n\t\t\t\t<div class=\"elementor-widget-container\">\n\t\t\t\t\t<h2 class=\"elementor-heading-title elementor-size-default\">Einzelpersonen<\/h2>\t\t\t\t<\/div>\n\t\t\t\t<\/div>\n\t\t\t\t<div class=\"elementor-element elementor-element-90d23ee elementor-widget elementor-widget-text-editor\" data-id=\"90d23ee\" data-element_type=\"widget\" data-e-type=\"widget\" data-widget_type=\"text-editor.default\">\n\t\t\t\t<div class=\"elementor-widget-container\">\n\t\t\t\t\t\t\t\t\t<p>Nutze das &#8222;J\u00fcnger Machen&#8220; Workbook oder das Online- Tool, um deine J\u00fcngerschafts-Form zu entdecken. Individuell auf dich zugeschnittene Inhalte helfen dir, als Nachfolger Jesu zu wachsen. <\/p>\t\t\t\t\t\t\t\t<\/div>\n\t\t\t\t<\/div>\n\t\t\t\t<div class=\"elementor-element elementor-element-6abd4e1 elementor-align-center elementor-widget elementor-widget-button\" data-id=\"6abd4e1\" data-element_type=\"widget\" data-e-type=\"widget\" data-widget_type=\"button.default\">\n\t\t\t\t<div class=\"elementor-widget-container\">\n\t\t\t\t\t\t\t\t\t<div class=\"elementor-button-wrapper\">\n\t\t\t\t\t<a class=\"elementor-button elementor-button-link elementor-size-sm\" href=\"https:\/\/wearemakingdisciples.com\/find-your-shape\/\" id=\"button\">\n\t\t\t\t\t\t<span class=\"elementor-button-content-wrapper\">\n\t\t\t\t\t\t\t\t\t<span class=\"elementor-button-text\">Entdecke deinen J\u00fcngerschafts- Stil<\/span>\n\t\t\t\t\t<\/span>\n\t\t\t\t\t<\/a>\n\t\t\t\t<\/div>\n\t\t\t\t\t\t\t\t<\/div>\n\t\t\t\t<\/div>\n\t\t\t\t\t<\/div>\n\t\t<\/div>\n\t\t\t\t\t<\/div>\n\t\t<\/section>\n\t\t\t\t<section class=\"elementor-section elementor-top-section elementor-element elementor-element-683a104 elementor-section-boxed elementor-section-height-default elementor-section-height-default\" data-id=\"683a104\" data-element_type=\"section\" data-e-type=\"section\">\n\t\t\t\t\t\t<div class=\"elementor-container elementor-column-gap-default\">\n\t\t\t\t\t<div class=\"elementor-column elementor-col-100 elementor-top-column elementor-element elementor-element-aa7fb3b\" data-id=\"aa7fb3b\" data-element_type=\"column\" data-e-type=\"column\">\n\t\t\t<div class=\"elementor-widget-wrap elementor-element-populated\">\n\t\t\t\t\t\t<div class=\"elementor-element elementor-element-6030524 elementor-widget elementor-widget-spacer\" data-id=\"6030524\" data-element_type=\"widget\" data-e-type=\"widget\" data-widget_type=\"spacer.default\">\n\t\t\t\t<div class=\"elementor-widget-container\">\n\t\t\t\t\t\t\t<div class=\"elementor-spacer\">\n\t\t\t<div class=\"elementor-spacer-inner\"><\/div>\n\t\t<\/div>\n\t\t\t\t\t\t<\/div>\n\t\t\t\t<\/div>\n\t\t\t\t<div class=\"elementor-element elementor-element-a7b5535 elementor-widget elementor-widget-text-editor\" data-id=\"a7b5535\" data-element_type=\"widget\" data-e-type=\"widget\" data-widget_type=\"text-editor.default\">\n\t\t\t\t<div class=\"elementor-widget-container\">\n\t\t\t\t\t\t\t\t\t<p><a id=\"header-span\"><\/a>&#8222;J\u00fcnger Machen&#8220; f\u00fcr Gemeinden<\/p>\t\t\t\t\t\t\t\t<\/div>\n\t\t\t\t<\/div>\n\t\t\t\t<div class=\"elementor-element elementor-element-684b70b elementor-widget elementor-widget-text-editor\" data-id=\"684b70b\" data-element_type=\"widget\" data-e-type=\"widget\" data-widget_type=\"text-editor.default\">\n\t\t\t\t<div class=\"elementor-widget-container\">\n\t\t\t\t\t\t\t\t\t<p>&#8222;J\u00fcnger Machen&#8220;ist ein Assessment- Tool, das von jeder Gemeinde verwendet werden kann, um das Wachstum und die Entwicklung der J\u00fcngerschaft einer Gemeinde zu unterst\u00fctzen.<\/p>\t\t\t\t\t\t\t\t<\/div>\n\t\t\t\t<\/div>\n\t\t\t\t<div class=\"elementor-element elementor-element-eb41ad6 elementor-widget elementor-widget-text-editor\" data-id=\"eb41ad6\" data-element_type=\"widget\" data-e-type=\"widget\" data-widget_type=\"text-editor.default\">\n\t\t\t\t<div class=\"elementor-widget-container\">\n\t\t\t\t\t\t\t\t\t<p>Wenn ihr euch als Kirche\/ Gemeinde an Making Disciples beteiligt, bekommt ihr als Leiter die einmalige Gelegenheit, einen Blick auf die Kultur eurer Gemeinde zu werfen. Viele von uns haben das Gef\u00fchl, dass sie zu wenig Daten \u00fcber ihre Gemeinde haben. Dieses Assessment- Tool gibt euch die M\u00f6glichkeit, einen Einblick in die Gesundheit, das Engagement und die Entwicklung unserer Gemeinde zu erhalten. <\/p><p>Als Leiter wirst du die J\u00fcngerschafts-Form deiner Gemeinde sehen, ohne die genauen Details der einzelnen Personen zu sehen. Du wirst in der Lage sein, die Daten zu trennen, um zu sehen, wie die Form zwischen M\u00e4nnern und Frauen, unter 35 \/ \u00fcber 35-J\u00e4hrigen und langj\u00e4hrigen\/ neuen Christen variiert. Anhand dieser Daten kannst du dann Verbindungen herstellen und Schlussfolgerungen ziehen, um eine klare Strategie f\u00fcr J\u00fcngerschaft in deiner Gemeinde zu entwickeln.  <\/p>\t\t\t\t\t\t\t\t<\/div>\n\t\t\t\t<\/div>\n\t\t\t\t\t<\/div>\n\t\t<\/div>\n\t\t\t\t\t<\/div>\n\t\t<\/section>\n\t\t\t\t<section class=\"elementor-section elementor-top-section elementor-element elementor-element-4a1689b elementor-section-boxed elementor-section-height-default elementor-section-height-default\" data-id=\"4a1689b\" data-element_type=\"section\" data-e-type=\"section\" data-settings=\"{&quot;background_background&quot;:&quot;classic&quot;}\">\n\t\t\t\t\t\t<div class=\"elementor-container elementor-column-gap-default\">\n\t\t\t\t\t<div class=\"elementor-column elementor-col-100 elementor-top-column elementor-element elementor-element-370499d\" data-id=\"370499d\" data-element_type=\"column\" data-e-type=\"column\">\n\t\t\t<div class=\"elementor-widget-wrap elementor-element-populated\">\n\t\t\t\t\t\t<div class=\"elementor-element elementor-element-3fd73b1 elementor-widget elementor-widget-spacer\" data-id=\"3fd73b1\" data-element_type=\"widget\" data-e-type=\"widget\" data-widget_type=\"spacer.default\">\n\t\t\t\t<div class=\"elementor-widget-container\">\n\t\t\t\t\t\t\t<div class=\"elementor-spacer\">\n\t\t\t<div class=\"elementor-spacer-inner\"><\/div>\n\t\t<\/div>\n\t\t\t\t\t\t<\/div>\n\t\t\t\t<\/div>\n\t\t\t\t<div class=\"elementor-element elementor-element-9b5e6e6 elementor-widget elementor-widget-text-editor\" data-id=\"9b5e6e6\" data-element_type=\"widget\" data-e-type=\"widget\" data-widget_type=\"text-editor.default\">\n\t\t\t\t<div class=\"elementor-widget-container\">\n\t\t\t\t\t\t\t\t\t<p>ERSTELLE DAS DASHBOARD DEINER GEMEINDE<\/p>\t\t\t\t\t\t\t\t<\/div>\n\t\t\t\t<\/div>\n\t\t\t\t<div class=\"elementor-element elementor-element-a0989e3 elementor-widget elementor-widget-shortcode\" data-id=\"a0989e3\" data-element_type=\"widget\" data-e-type=\"widget\" data-widget_type=\"shortcode.default\">\n\t\t\t\t<div class=\"elementor-widget-container\">\n\t\t\t\t\t\t\t<div class=\"elementor-shortcode\"><link href='https:\/\/ajax.googleapis.com\/ajax\/libs\/jqueryui\/1.12.1\/themes\/ui-lightness\/jquery-ui.css' rel='stylesheet'>\n<script src=\"https:\/\/ajax.googleapis.com\/ajax\/libs\/jqueryui\/1.12.1\/jquery-ui.min.js\" ><\/script>\n<div class=\"church-registeration-container\">\n    <div class=\"church-registeration-form wamd-form\">\n        <form method=\"post\">\n            <div class=\"form-fields\">\n                <input type=\"text\" name=\"church_name\" id=\"church-name\" placeholder=\"Church Name*\" required class=\"form-control\">\n            <\/div>\n                            <div class=\"form-fields\">\n                    <input type=\"text\" name=\"your_name\" id=\"your-name\" placeholder=\"Your Name*\" required class=\"form-control\">\n                <\/div>\n                <div class=\"form-fields\">\n                    <input type=\"text\" name=\"email\" id=\"email\" placeholder=\"Email*\" required class=\"form-control\">\n                <\/div>\n                <div class=\"form-fields\">\n                    <input type=\"password\" name=\"password\" id=\"password\" placeholder=\"Password*\" required class=\"form-control\">\n                <\/div>\n                <div class=\"form-fields\">\n                    <input type=\"password\" name=\"confirm_password\" id=\"confirm-password\" placeholder=\"Confirm Password*\" required class=\"form-control\">\n                <\/div>\n                <div class=\"flex-row flex-row-flush\">\n                    <div class=\"form-fields\">\n                        <label for=\"dob\">Geburtsdatum:<\/label>\n                        <input type=\"date\" name=\"dob\" id=\"dob\" pattern=\"dd-MM-yyyy\" placeholder=\"Date of Birth\" min=\"1920-01-01\" max=\"2008-01-01\" required class=\"form-control\">\n                    <\/div>\n                    <div class=\"form-fields\">\n                        <label for=\"sex\">Sex:<\/label>\n                        <select name=\"sex\" id=\"sex\" class=\"form-control\">\n                            <option value=\"\"><\/option>\n                            <option value=\"female\">Weiblich<\/option>\n                            <option value=\"male\">Mann<\/option>\n                        <\/select>\n                    <\/div>\n                    <div class=\"form-fields\">\n                        <label for=\"duration\">ICH BIN SEIT:<\/label>\n                        <select id=\"duration\" size=\"1\" class=\"form-control\" name=\"duration\">\n                            <option value=\"\"><\/option>\n                            <option value=\"0\">Weniger als ein Jahr<\/option>\n                            <option value=\"1\">1-2 years<\/option>\n                            <option value=\"2\">2-3 years<\/option>\n                            <option value=\"3\">3-4 years<\/option>\n                            <option value=\"4\">Mehr als 4 Jahre<\/option>\n                        <\/select>\n                    <\/div>\n                <\/div>\n                        <div class=\"form-fields\">\n                <input type=\"submit\" value=\"Create\" name=\"register_church\" class=\"create-church\">\n            <\/div>\n        <\/form>\n    <\/div>\n<\/div>\n<\/div>\n\t\t\t\t\t\t<\/div>\n\t\t\t\t<\/div>\n\t\t\t\t<div class=\"elementor-element elementor-element-7712424 elementor-widget elementor-widget-spacer\" data-id=\"7712424\" data-element_type=\"widget\" data-e-type=\"widget\" data-widget_type=\"spacer.default\">\n\t\t\t\t<div class=\"elementor-widget-container\">\n\t\t\t\t\t\t\t<div class=\"elementor-spacer\">\n\t\t\t<div class=\"elementor-spacer-inner\"><\/div>\n\t\t<\/div>\n\t\t\t\t\t\t<\/div>\n\t\t\t\t<\/div>\n\t\t\t\t\t<\/div>\n\t\t<\/div>\n\t\t\t\t\t<\/div>\n\t\t<\/section>\n\t\t\t\t<\/div>\n\t\t","protected":false},"excerpt":{"rendered":"<p>Wie es funktioniert Das J\u00fcngerschafts-Tool gibt uns die Zeit und bietet die M\u00f6glichkeit,\u00fcber unsere eigene J\u00fcngerschaft nachzudenken. Wir tun dies, indem wir Fragen stellen, die uns helfen zu erkennen, worauf wir unsere Aufmerksamkeit richten und wo wir mehr investieren sollten. Dieses Tool soll uns nicht verurteilen oder das Gef\u00fchl vermitteln, dass wir alles falsch machen. [&hellip;]<\/p>\n","protected":false},"author":1,"featured_media":0,"parent":0,"menu_order":0,"comment_status":"closed","ping_status":"closed","template":"elementor_header_footer","meta":{"_acf_changed":false,"footnotes":""},"class_list":["post-3857","page","type-page","status-publish","hentry"],"acf":[],"_links":{"self":[{"href":"http:\/\/wearemakingdisciples.com\/de\/wp-json\/wp\/v2\/pages\/3857","targetHints":{"allow":["GET"]}}],"collection":[{"href":"http:\/\/wearemakingdisciples.com\/de\/wp-json\/wp\/v2\/pages"}],"about":[{"href":"http:\/\/wearemakingdisciples.com\/de\/wp-json\/wp\/v2\/types\/page"}],"author":[{"embeddable":true,"href":"http:\/\/wearemakingdisciples.com\/de\/wp-json\/wp\/v2\/users\/1"}],"replies":[{"embeddable":true,"href":"http:\/\/wearemakingdisciples.com\/de\/wp-json\/wp\/v2\/comments?post=3857"}],"version-history":[{"count":1,"href":"http:\/\/wearemakingdisciples.com\/de\/wp-json\/wp\/v2\/pages\/3857\/revisions"}],"predecessor-version":[{"id":3858,"href":"http:\/\/wearemakingdisciples.com\/de\/wp-json\/wp\/v2\/pages\/3857\/revisions\/3858"}],"wp:attachment":[{"href":"http:\/\/wearemakingdisciples.com\/de\/wp-json\/wp\/v2\/media?parent=3857"}],"curies":[{"name":"wp","href":"https:\/\/api.w.org\/{rel}","templated":true}]}}